{"id":237,"date":"2025-09-26T16:58:54","date_gmt":"2025-09-26T13:58:54","guid":{"rendered":"https:\/\/tuskim.org\/?page_id=237"},"modified":"2025-09-26T17:42:35","modified_gmt":"2025-09-26T14:42:35","slug":"haberler","status":"publish","type":"page","link":"https:\/\/tuskim.org\/?page_id=237","title":{"rendered":"Haberler"},"content":{"rendered":"\t\t<div data-elementor-type=\"wp-page\" data-elementor-id=\"237\" class=\"elementor elementor-237\">\n\t\t\t\t<div class=\"elementor-element elementor-element-9d8c535 e-flex e-con-boxed e-con e-parent\" data-id=\"9d8c535\" data-element_type=\"container\">\n\t\t\t\t\t<div class=\"e-con-inner\">\n\t\t\t\t<div class=\"elementor-element elementor-element-1ed0278 elementor-widget elementor-widget-heading\" data-id=\"1ed0278\" data-element_type=\"widget\" data-widget_type=\"heading.default\">\n\t\t\t\t\t<h2 class=\"elementor-heading-title elementor-size-default\">G\u00fc\u00e7l\u00fc Anadolu Gazetesi <\/h2>\t\t\t\t<\/div>\n\t\t\t\t\t<\/div>\n\t\t\t\t<\/div>\n\t\t<div class=\"elementor-element elementor-element-ec097a7 e-grid e-con-boxed e-con e-parent\" data-id=\"ec097a7\" data-element_type=\"container\">\n\t\t\t\t\t<div class=\"e-con-inner\">\n\t\t<div class=\"elementor-element elementor-element-40d916e e-con-full e-flex e-con e-child\" data-id=\"40d916e\" data-element_type=\"container\">\n\t\t\t\t<div class=\"elementor-element elementor-element-04a3b25 elementor-widget elementor-widget-image\" data-id=\"04a3b25\" data-element_type=\"widget\" data-widget_type=\"image.default\">\n\t\t\t\t\t\t\t\t\t\t\t\t\t\t\t<img fetchpriority=\"high\" decoding=\"async\" width=\"724\" height=\"1024\" src=\"https:\/\/tuskim.org\/wp-content\/uploads\/2025\/09\/GUCLU-ANADOLU-GAZETESI-1-724x1024.png\" class=\"attachment-large size-large wp-image-239\" alt=\"\" srcset=\"https:\/\/tuskim.org\/wp-content\/uploads\/2025\/09\/GUCLU-ANADOLU-GAZETESI-1-724x1024.png 724w, https:\/\/tuskim.org\/wp-content\/uploads\/2025\/09\/GUCLU-ANADOLU-GAZETESI-1-212x300.png 212w, https:\/\/tuskim.org\/wp-content\/uploads\/2025\/09\/GUCLU-ANADOLU-GAZETESI-1-768x1087.png 768w, https:\/\/tuskim.org\/wp-content\/uploads\/2025\/09\/GUCLU-ANADOLU-GAZETESI-1-1086x1536.png 1086w, https:\/\/tuskim.org\/wp-content\/uploads\/2025\/09\/GUCLU-ANADOLU-GAZETESI-1-1447x2048.png 1447w, https:\/\/tuskim.org\/wp-content\/uploads\/2025\/09\/GUCLU-ANADOLU-GAZETESI-1.png 1653w\" sizes=\"(max-width: 724px) 100vw, 724px\" \/>\t\t\t\t\t\t\t\t\t\t\t\t\t\t\t<\/div>\n\t\t\t\t<\/div>\n\t\t\t\t<div class=\"elementor-element elementor-element-a77ac73 elementor-widget elementor-widget-image\" data-id=\"a77ac73\" data-element_type=\"widget\" data-widget_type=\"image.default\">\n\t\t\t\t\t\t\t\t\t\t\t\t\t\t\t<img decoding=\"async\" width=\"724\" height=\"1024\" src=\"https:\/\/tuskim.org\/wp-content\/uploads\/2025\/09\/GUCLU-ANADOLU-GAZETESI-2-724x1024.png\" class=\"attachment-large size-large wp-image-240\" alt=\"\" srcset=\"https:\/\/tuskim.org\/wp-content\/uploads\/2025\/09\/GUCLU-ANADOLU-GAZETESI-2-724x1024.png 724w, https:\/\/tuskim.org\/wp-content\/uploads\/2025\/09\/GUCLU-ANADOLU-GAZETESI-2-212x300.png 212w, https:\/\/tuskim.org\/wp-content\/uploads\/2025\/09\/GUCLU-ANADOLU-GAZETESI-2-768x1087.png 768w, https:\/\/tuskim.org\/wp-content\/uploads\/2025\/09\/GUCLU-ANADOLU-GAZETESI-2-1086x1536.png 1086w, https:\/\/tuskim.org\/wp-content\/uploads\/2025\/09\/GUCLU-ANADOLU-GAZETESI-2-1447x2048.png 1447w, https:\/\/tuskim.org\/wp-content\/uploads\/2025\/09\/GUCLU-ANADOLU-GAZETESI-2.png 1653w\" sizes=\"(max-width: 724px) 100vw, 724px\" \/>\t\t\t\t\t\t\t\t\t\t\t\t\t\t\t<\/div>\n\t\t\t\t<div class=\"elementor-element elementor-element-239a986 elementor-widget elementor-widget-image\" data-id=\"239a986\" data-element_type=\"widget\" data-widget_type=\"image.default\">\n\t\t\t\t\t\t\t\t\t\t\t\t\t\t\t<img decoding=\"async\" width=\"724\" height=\"1024\" src=\"https:\/\/tuskim.org\/wp-content\/uploads\/2025\/09\/GUCLU-ANADOLU-GAZETESI-3-724x1024.png\" class=\"attachment-large size-large wp-image-241\" alt=\"\" srcset=\"https:\/\/tuskim.org\/wp-content\/uploads\/2025\/09\/GUCLU-ANADOLU-GAZETESI-3-724x1024.png 724w, https:\/\/tuskim.org\/wp-content\/uploads\/2025\/09\/GUCLU-ANADOLU-GAZETESI-3-212x300.png 212w, https:\/\/tuskim.org\/wp-content\/uploads\/2025\/09\/GUCLU-ANADOLU-GAZETESI-3-768x1087.png 768w, https:\/\/tuskim.org\/wp-content\/uploads\/2025\/09\/GUCLU-ANADOLU-GAZETESI-3-1086x1536.png 1086w, https:\/\/tuskim.org\/wp-content\/uploads\/2025\/09\/GUCLU-ANADOLU-GAZETESI-3-1447x2048.png 1447w, https:\/\/tuskim.org\/wp-content\/uploads\/2025\/09\/GUCLU-ANADOLU-GAZETESI-3.png 1653w\" sizes=\"(max-width: 724px) 100vw, 724px\" \/>\t\t\t\t\t\t\t\t\t\t\t\t\t\t\t<\/div>\n\t\t\t\t<div class=\"elementor-element elementor-element-a5eb5f8 elementor-widget elementor-widget-image\" data-id=\"a5eb5f8\" data-element_type=\"widget\" data-widget_type=\"image.default\">\n\t\t\t\t\t\t\t\t\t\t\t\t\t\t\t<img loading=\"lazy\" decoding=\"async\" width=\"724\" height=\"1024\" src=\"https:\/\/tuskim.org\/wp-content\/uploads\/2025\/09\/GUCLU-ANADOLU-GAZETESI-4-724x1024.png\" class=\"attachment-large size-large wp-image-242\" alt=\"\" srcset=\"https:\/\/tuskim.org\/wp-content\/uploads\/2025\/09\/GUCLU-ANADOLU-GAZETESI-4-724x1024.png 724w, https:\/\/tuskim.org\/wp-content\/uploads\/2025\/09\/GUCLU-ANADOLU-GAZETESI-4-212x300.png 212w, https:\/\/tuskim.org\/wp-content\/uploads\/2025\/09\/GUCLU-ANADOLU-GAZETESI-4-768x1087.png 768w, https:\/\/tuskim.org\/wp-content\/uploads\/2025\/09\/GUCLU-ANADOLU-GAZETESI-4-1086x1536.png 1086w, https:\/\/tuskim.org\/wp-content\/uploads\/2025\/09\/GUCLU-ANADOLU-GAZETESI-4-1447x2048.png 1447w, https:\/\/tuskim.org\/wp-content\/uploads\/2025\/09\/GUCLU-ANADOLU-GAZETESI-4.png 1653w\" sizes=\"(max-width: 724px) 100vw, 724px\" \/>\t\t\t\t\t\t\t\t\t\t\t\t\t\t\t<\/div>\n\t\t\t\t\t<\/div>\n\t\t\t\t<\/div>\n\t\t<div class=\"elementor-element elementor-element-da7cf57 e-flex e-con-boxed e-con e-parent\" data-id=\"da7cf57\" data-element_type=\"container\">\n\t\t\t\t\t<div class=\"e-con-inner\">\n\t\t\t\t<div class=\"elementor-element elementor-element-a137507 elementor-widget elementor-widget-heading\" data-id=\"a137507\" data-element_type=\"widget\" data-widget_type=\"heading.default\">\n\t\t\t\t\t<h2 class=\"elementor-heading-title elementor-size-default\">Gaziantep Do\u011fu\u015f Gazetesi<\/h2>\t\t\t\t<\/div>\n\t\t\t\t\t<\/div>\n\t\t\t\t<\/div>\n\t\t<div class=\"elementor-element elementor-element-4b439f5 e-grid e-con-boxed e-con e-parent\" data-id=\"4b439f5\" data-element_type=\"container\">\n\t\t\t\t\t<div class=\"e-con-inner\">\n\t\t\t\t<div class=\"elementor-element elementor-element-7ed3bf5 elementor-widget elementor-widget-image\" data-id=\"7ed3bf5\" data-element_type=\"widget\" data-widget_type=\"image.default\">\n\t\t\t\t\t\t\t\t\t\t\t\t\t\t\t<img loading=\"lazy\" decoding=\"async\" width=\"724\" height=\"1024\" src=\"https:\/\/tuskim.org\/wp-content\/uploads\/2025\/09\/GAZIANTEP-DOGUS-1-724x1024.png\" class=\"attachment-large size-large wp-image-246\" alt=\"\" srcset=\"https:\/\/tuskim.org\/wp-content\/uploads\/2025\/09\/GAZIANTEP-DOGUS-1-724x1024.png 724w, https:\/\/tuskim.org\/wp-content\/uploads\/2025\/09\/GAZIANTEP-DOGUS-1-212x300.png 212w, https:\/\/tuskim.org\/wp-content\/uploads\/2025\/09\/GAZIANTEP-DOGUS-1-768x1087.png 768w, https:\/\/tuskim.org\/wp-content\/uploads\/2025\/09\/GAZIANTEP-DOGUS-1-1086x1536.png 1086w, https:\/\/tuskim.org\/wp-content\/uploads\/2025\/09\/GAZIANTEP-DOGUS-1-1447x2048.png 1447w, https:\/\/tuskim.org\/wp-content\/uploads\/2025\/09\/GAZIANTEP-DOGUS-1.png 1653w\" sizes=\"(max-width: 724px) 100vw, 724px\" \/>\t\t\t\t\t\t\t\t\t\t\t\t\t\t\t<\/div>\n\t\t\t\t<div class=\"elementor-element elementor-element-62fccc4 elementor-widget elementor-widget-image\" data-id=\"62fccc4\" data-element_type=\"widget\" data-widget_type=\"image.default\">\n\t\t\t\t\t\t\t\t\t\t\t\t\t\t\t<img loading=\"lazy\" decoding=\"async\" width=\"724\" height=\"1024\" src=\"https:\/\/tuskim.org\/wp-content\/uploads\/2025\/09\/GAZIANTEP-DOGUS-2-724x1024.png\" class=\"attachment-large size-large wp-image-247\" alt=\"\" srcset=\"https:\/\/tuskim.org\/wp-content\/uploads\/2025\/09\/GAZIANTEP-DOGUS-2-724x1024.png 724w, https:\/\/tuskim.org\/wp-content\/uploads\/2025\/09\/GAZIANTEP-DOGUS-2-212x300.png 212w, https:\/\/tuskim.org\/wp-content\/uploads\/2025\/09\/GAZIANTEP-DOGUS-2-768x1087.png 768w, https:\/\/tuskim.org\/wp-content\/uploads\/2025\/09\/GAZIANTEP-DOGUS-2-1086x1536.png 1086w, https:\/\/tuskim.org\/wp-content\/uploads\/2025\/09\/GAZIANTEP-DOGUS-2-1447x2048.png 1447w, https:\/\/tuskim.org\/wp-content\/uploads\/2025\/09\/GAZIANTEP-DOGUS-2.png 1653w\" sizes=\"(max-width: 724px) 100vw, 724px\" \/>\t\t\t\t\t\t\t\t\t\t\t\t\t\t\t<\/div>\n\t\t\t\t\t<\/div>\n\t\t\t\t<\/div>\n\t\t<div class=\"elementor-element elementor-element-3c225f4 e-flex e-con-boxed e-con e-parent\" data-id=\"3c225f4\" data-element_type=\"container\">\n\t\t\t\t\t<div class=\"e-con-inner\">\n\t\t\t\t<div class=\"elementor-element elementor-element-fe4f0ba elementor-widget elementor-widget-heading\" data-id=\"fe4f0ba\" data-element_type=\"widget\" data-widget_type=\"heading.default\">\n\t\t\t\t\t<h2 class=\"elementor-heading-title elementor-size-default\">\u00c7ank\u0131r\u0131 Haber<\/h2>\t\t\t\t<\/div>\n\t\t\t\t\t<\/div>\n\t\t\t\t<\/div>\n\t\t<div class=\"elementor-element elementor-element-3128eee e-grid e-con-boxed e-con e-parent\" data-id=\"3128eee\" data-element_type=\"container\">\n\t\t\t\t\t<div class=\"e-con-inner\">\n\t\t\t\t<div class=\"elementor-element elementor-element-9bdfde3 elementor-widget elementor-widget-image\" data-id=\"9bdfde3\" data-element_type=\"widget\" data-widget_type=\"image.default\">\n\t\t\t\t\t\t\t\t\t\t\t\t\t\t\t<img loading=\"lazy\" decoding=\"async\" width=\"724\" height=\"1024\" src=\"https:\/\/tuskim.org\/wp-content\/uploads\/2025\/09\/CANKIRI-HABER-1-724x1024.png\" class=\"attachment-large size-large wp-image-248\" alt=\"\" srcset=\"https:\/\/tuskim.org\/wp-content\/uploads\/2025\/09\/CANKIRI-HABER-1-724x1024.png 724w, https:\/\/tuskim.org\/wp-content\/uploads\/2025\/09\/CANKIRI-HABER-1-212x300.png 212w, https:\/\/tuskim.org\/wp-content\/uploads\/2025\/09\/CANKIRI-HABER-1-768x1087.png 768w, https:\/\/tuskim.org\/wp-content\/uploads\/2025\/09\/CANKIRI-HABER-1-1086x1536.png 1086w, https:\/\/tuskim.org\/wp-content\/uploads\/2025\/09\/CANKIRI-HABER-1-1447x2048.png 1447w, https:\/\/tuskim.org\/wp-content\/uploads\/2025\/09\/CANKIRI-HABER-1.png 1653w\" sizes=\"(max-width: 724px) 100vw, 724px\" \/>\t\t\t\t\t\t\t\t\t\t\t\t\t\t\t<\/div>\n\t\t\t\t<div class=\"elementor-element elementor-element-d33a8b3 elementor-widget elementor-widget-image\" data-id=\"d33a8b3\" data-element_type=\"widget\" data-widget_type=\"image.default\">\n\t\t\t\t\t\t\t\t\t\t\t\t\t\t\t<img loading=\"lazy\" decoding=\"async\" width=\"724\" height=\"1024\" src=\"https:\/\/tuskim.org\/wp-content\/uploads\/2025\/09\/CANKIRI-HABER-2-724x1024.png\" class=\"attachment-large size-large wp-image-250\" alt=\"\" srcset=\"https:\/\/tuskim.org\/wp-content\/uploads\/2025\/09\/CANKIRI-HABER-2-724x1024.png 724w, https:\/\/tuskim.org\/wp-content\/uploads\/2025\/09\/CANKIRI-HABER-2-212x300.png 212w, https:\/\/tuskim.org\/wp-content\/uploads\/2025\/09\/CANKIRI-HABER-2-768x1087.png 768w, https:\/\/tuskim.org\/wp-content\/uploads\/2025\/09\/CANKIRI-HABER-2-1086x1536.png 1086w, https:\/\/tuskim.org\/wp-content\/uploads\/2025\/09\/CANKIRI-HABER-2-1447x2048.png 1447w, https:\/\/tuskim.org\/wp-content\/uploads\/2025\/09\/CANKIRI-HABER-2.png 1653w\" sizes=\"(max-width: 724px) 100vw, 724px\" \/>\t\t\t\t\t\t\t\t\t\t\t\t\t\t\t<\/div>\n\t\t\t\t\t<\/div>\n\t\t\t\t<\/div>\n\t\t<div class=\"elementor-element elementor-element-1abdd1c e-flex e-con-boxed e-con e-parent\" data-id=\"1abdd1c\" data-element_type=\"container\">\n\t\t\t\t\t<div class=\"e-con-inner\">\n\t\t\t\t<div class=\"elementor-element elementor-element-84c3130 elementor-widget elementor-widget-heading\" data-id=\"84c3130\" data-element_type=\"widget\" data-widget_type=\"heading.default\">\n\t\t\t\t\t<h2 class=\"elementor-heading-title elementor-size-default\">\u0130HA Gazetesi<\/h2>\t\t\t\t<\/div>\n\t\t\t\t\t<\/div>\n\t\t\t\t<\/div>\n\t\t<div class=\"elementor-element elementor-element-388e7d6 e-grid e-con-boxed e-con e-parent\" data-id=\"388e7d6\" data-element_type=\"container\">\n\t\t\t\t\t<div class=\"e-con-inner\">\n\t\t\t\t<div class=\"elementor-element elementor-element-87f569e elementor-widget elementor-widget-image\" data-id=\"87f569e\" data-element_type=\"widget\" data-widget_type=\"image.default\">\n\t\t\t\t\t\t\t\t\t\t\t\t\t\t\t<img loading=\"lazy\" decoding=\"async\" width=\"724\" height=\"1024\" src=\"https:\/\/tuskim.org\/wp-content\/uploads\/2025\/09\/IHA-1-1-724x1024.png\" class=\"attachment-large size-large wp-image-251\" alt=\"\" srcset=\"https:\/\/tuskim.org\/wp-content\/uploads\/2025\/09\/IHA-1-1-724x1024.png 724w, https:\/\/tuskim.org\/wp-content\/uploads\/2025\/09\/IHA-1-1-212x300.png 212w, https:\/\/tuskim.org\/wp-content\/uploads\/2025\/09\/IHA-1-1-768x1087.png 768w, https:\/\/tuskim.org\/wp-content\/uploads\/2025\/09\/IHA-1-1-1086x1536.png 1086w, https:\/\/tuskim.org\/wp-content\/uploads\/2025\/09\/IHA-1-1-1447x2048.png 1447w, https:\/\/tuskim.org\/wp-content\/uploads\/2025\/09\/IHA-1-1.png 1653w\" sizes=\"(max-width: 724px) 100vw, 724px\" \/>\t\t\t\t\t\t\t\t\t\t\t\t\t\t\t<\/div>\n\t\t\t\t<div class=\"elementor-element elementor-element-e8f5447 elementor-widget elementor-widget-image\" data-id=\"e8f5447\" data-element_type=\"widget\" data-widget_type=\"image.default\">\n\t\t\t\t\t\t\t\t\t\t\t\t\t\t\t<img loading=\"lazy\" decoding=\"async\" width=\"724\" height=\"1024\" src=\"https:\/\/tuskim.org\/wp-content\/uploads\/2025\/09\/IHA-1-2-724x1024.png\" class=\"attachment-large size-large wp-image-252\" alt=\"\" srcset=\"https:\/\/tuskim.org\/wp-content\/uploads\/2025\/09\/IHA-1-2-724x1024.png 724w, https:\/\/tuskim.org\/wp-content\/uploads\/2025\/09\/IHA-1-2-212x300.png 212w, https:\/\/tuskim.org\/wp-content\/uploads\/2025\/09\/IHA-1-2-768x1087.png 768w, https:\/\/tuskim.org\/wp-content\/uploads\/2025\/09\/IHA-1-2-1086x1536.png 1086w, https:\/\/tuskim.org\/wp-content\/uploads\/2025\/09\/IHA-1-2-1447x2048.png 1447w, https:\/\/tuskim.org\/wp-content\/uploads\/2025\/09\/IHA-1-2.png 1653w\" sizes=\"(max-width: 724px) 100vw, 724px\" \/>\t\t\t\t\t\t\t\t\t\t\t\t\t\t\t<\/div>\n\t\t\t\t\t<\/div>\n\t\t\t\t<\/div>\n\t\t<div class=\"elementor-element elementor-element-77407bc e-flex e-con-boxed e-con e-parent\" data-id=\"77407bc\" data-element_type=\"container\">\n\t\t\t\t\t<div class=\"e-con-inner\">\n\t\t\t\t<div class=\"elementor-element elementor-element-3bb2ca0 elementor-widget elementor-widget-heading\" data-id=\"3bb2ca0\" data-element_type=\"widget\" data-widget_type=\"heading.default\">\n\t\t\t\t\t<h2 class=\"elementor-heading-title elementor-size-default\">Marmaris Gazetesi<\/h2>\t\t\t\t<\/div>\n\t\t\t\t\t<\/div>\n\t\t\t\t<\/div>\n\t\t<div class=\"elementor-element elementor-element-b2c3cf5 e-grid e-con-boxed e-con e-parent\" data-id=\"b2c3cf5\" data-element_type=\"container\">\n\t\t\t\t\t<div class=\"e-con-inner\">\n\t\t\t\t<div class=\"elementor-element elementor-element-b2a8ff3 elementor-widget elementor-widget-image\" data-id=\"b2a8ff3\" data-element_type=\"widget\" data-widget_type=\"image.default\">\n\t\t\t\t\t\t\t\t\t\t\t\t\t\t\t<img loading=\"lazy\" decoding=\"async\" width=\"724\" height=\"1024\" src=\"https:\/\/tuskim.org\/wp-content\/uploads\/2025\/09\/MARMARIS-YENI-SAYFA-1-724x1024.png\" class=\"attachment-large size-large wp-image-253\" alt=\"\" srcset=\"https:\/\/tuskim.org\/wp-content\/uploads\/2025\/09\/MARMARIS-YENI-SAYFA-1-724x1024.png 724w, https:\/\/tuskim.org\/wp-content\/uploads\/2025\/09\/MARMARIS-YENI-SAYFA-1-212x300.png 212w, https:\/\/tuskim.org\/wp-content\/uploads\/2025\/09\/MARMARIS-YENI-SAYFA-1-768x1087.png 768w, https:\/\/tuskim.org\/wp-content\/uploads\/2025\/09\/MARMARIS-YENI-SAYFA-1-1086x1536.png 1086w, https:\/\/tuskim.org\/wp-content\/uploads\/2025\/09\/MARMARIS-YENI-SAYFA-1-1447x2048.png 1447w, https:\/\/tuskim.org\/wp-content\/uploads\/2025\/09\/MARMARIS-YENI-SAYFA-1.png 1653w\" sizes=\"(max-width: 724px) 100vw, 724px\" \/>\t\t\t\t\t\t\t\t\t\t\t\t\t\t\t<\/div>\n\t\t\t\t<div class=\"elementor-element elementor-element-121aee2 elementor-widget elementor-widget-image\" data-id=\"121aee2\" data-element_type=\"widget\" data-widget_type=\"image.default\">\n\t\t\t\t\t\t\t\t\t\t\t\t\t\t\t<img loading=\"lazy\" decoding=\"async\" width=\"724\" height=\"1024\" src=\"https:\/\/tuskim.org\/wp-content\/uploads\/2025\/09\/MARMARIS-YENI-SAYFA-2-724x1024.png\" class=\"attachment-large size-large wp-image-254\" alt=\"\" srcset=\"https:\/\/tuskim.org\/wp-content\/uploads\/2025\/09\/MARMARIS-YENI-SAYFA-2-724x1024.png 724w, https:\/\/tuskim.org\/wp-content\/uploads\/2025\/09\/MARMARIS-YENI-SAYFA-2-212x300.png 212w, https:\/\/tuskim.org\/wp-content\/uploads\/2025\/09\/MARMARIS-YENI-SAYFA-2-768x1087.png 768w, https:\/\/tuskim.org\/wp-content\/uploads\/2025\/09\/MARMARIS-YENI-SAYFA-2-1086x1536.png 1086w, https:\/\/tuskim.org\/wp-content\/uploads\/2025\/09\/MARMARIS-YENI-SAYFA-2-1447x2048.png 1447w, https:\/\/tuskim.org\/wp-content\/uploads\/2025\/09\/MARMARIS-YENI-SAYFA-2.png 1653w\" sizes=\"(max-width: 724px) 100vw, 724px\" \/>\t\t\t\t\t\t\t\t\t\t\t\t\t\t\t<\/div>\n\t\t\t\t\t<\/div>\n\t\t\t\t<\/div>\n\t\t<div class=\"elementor-element elementor-element-9200e7b e-flex e-con-boxed e-con e-parent\" data-id=\"9200e7b\" data-element_type=\"container\">\n\t\t\t\t\t<div class=\"e-con-inner\">\n\t\t\t\t<div class=\"elementor-element elementor-element-e7c4953 elementor-widget elementor-widget-heading\" data-id=\"e7c4953\" data-element_type=\"widget\" data-widget_type=\"heading.default\">\n\t\t\t\t\t<h2 class=\"elementor-heading-title elementor-size-default\">Pusu Haber<\/h2>\t\t\t\t<\/div>\n\t\t\t\t\t<\/div>\n\t\t\t\t<\/div>\n\t\t<div class=\"elementor-element elementor-element-0f800fa e-flex e-con-boxed e-con e-parent\" data-id=\"0f800fa\" data-element_type=\"container\">\n\t\t\t\t\t<div class=\"e-con-inner\">\n\t\t\t\t<div class=\"elementor-element elementor-element-cde3fab elementor-widget elementor-widget-image\" data-id=\"cde3fab\" data-element_type=\"widget\" data-widget_type=\"image.default\">\n\t\t\t\t\t\t\t\t\t\t\t\t\t\t\t<img loading=\"lazy\" decoding=\"async\" width=\"724\" height=\"1024\" src=\"https:\/\/tuskim.org\/wp-content\/uploads\/2025\/09\/PUSU-HABER-1-724x1024.png\" class=\"attachment-large size-large wp-image-255\" alt=\"\" srcset=\"https:\/\/tuskim.org\/wp-content\/uploads\/2025\/09\/PUSU-HABER-1-724x1024.png 724w, https:\/\/tuskim.org\/wp-content\/uploads\/2025\/09\/PUSU-HABER-1-212x300.png 212w, https:\/\/tuskim.org\/wp-content\/uploads\/2025\/09\/PUSU-HABER-1-768x1087.png 768w, https:\/\/tuskim.org\/wp-content\/uploads\/2025\/09\/PUSU-HABER-1-1086x1536.png 1086w, https:\/\/tuskim.org\/wp-content\/uploads\/2025\/09\/PUSU-HABER-1-1447x2048.png 1447w, https:\/\/tuskim.org\/wp-content\/uploads\/2025\/09\/PUSU-HABER-1.png 1653w\" sizes=\"(max-width: 724px) 100vw, 724px\" \/>\t\t\t\t\t\t\t\t\t\t\t\t\t\t\t<\/div>\n\t\t\t\t\t<\/div>\n\t\t\t\t<\/div>\n\t\t\t\t<\/div>\n\t\t","protected":false},"excerpt":{"rendered":"<p>G\u00fc\u00e7l\u00fc Anadolu Gazetesi Gaziantep Do\u011fu\u015f Gazetesi \u00c7ank\u0131r\u0131 Haber \u0130HA Gazetesi Marmaris Gazetesi Pusu Haber<\/p>\n","protected":false},"author":1,"featured_media":0,"parent":0,"menu_order":0,"comment_status":"closed","ping_status":"closed","template":"","meta":{"footnotes":""},"class_list":["post-237","page","type-page","status-publish","hentry"],"_links":{"self":[{"href":"https:\/\/tuskim.org\/index.php?rest_route=\/wp\/v2\/pages\/237","targetHints":{"allow":["GET"]}}],"collection":[{"href":"https:\/\/tuskim.org\/index.php?rest_route=\/wp\/v2\/pages"}],"about":[{"href":"https:\/\/tuskim.org\/index.php?rest_route=\/wp\/v2\/types\/page"}],"author":[{"embeddable":true,"href":"https:\/\/tuskim.org\/index.php?rest_route=\/wp\/v2\/users\/1"}],"replies":[{"embeddable":true,"href":"https:\/\/tuskim.org\/index.php?rest_route=%2Fwp%2Fv2%2Fcomments&post=237"}],"version-history":[{"count":11,"href":"https:\/\/tuskim.org\/index.php?rest_route=\/wp\/v2\/pages\/237\/revisions"}],"predecessor-version":[{"id":287,"href":"https:\/\/tuskim.org\/index.php?rest_route=\/wp\/v2\/pages\/237\/revisions\/287"}],"wp:attachment":[{"href":"https:\/\/tuskim.org\/index.php?rest_route=%2Fwp%2Fv2%2Fmedia&parent=237"}],"curies":[{"name":"wp","href":"https:\/\/api.w.org\/{rel}","templated":true}]}}