{"id":185,"date":"2025-09-26T14:58:53","date_gmt":"2025-09-26T11:58:53","guid":{"rendered":"https:\/\/tuskim.org\/?page_id=185"},"modified":"2025-09-26T17:51:39","modified_gmt":"2025-09-26T14:51:39","slug":"hakkimizda","status":"publish","type":"page","link":"https:\/\/tuskim.org\/?page_id=185","title":{"rendered":"Hakk\u0131m\u0131zda"},"content":{"rendered":"\t\t<div data-elementor-type=\"wp-page\" data-elementor-id=\"185\" class=\"elementor elementor-185\">\n\t\t\t\t<div class=\"elementor-element elementor-element-ce96f2b e-con-full e-flex e-con e-parent\" data-id=\"ce96f2b\" data-element_type=\"container\">\n\t\t\t\t<div class=\"elementor-element elementor-element-5c98a1b elementor-widget elementor-widget-text-editor\" data-id=\"5c98a1b\" data-element_type=\"widget\" data-widget_type=\"text-editor.default\">\n\t\t\t\t\t\t\t\t\t<div>T\u00fcrk\u00e7e \u2013 Hakk\u0131m\u0131zda<\/div><div>\u00a0<\/div><div>TUSKIM A.\u015e. (T\u00fcrkiye-Suriye Kalk\u0131nma, \u0130mar ve M\u00fc\u015favirlik Anonim \u015eirketi), T\u00fcrkiye ile Suriye aras\u0131nda k\u00f6pr\u00fc kurmay\u0131 hedefleyen bir yat\u0131r\u0131m, dan\u0131\u015fmanl\u0131k ve kalk\u0131nma \u015firketidir.<\/div><div>\u00a0<\/div><div>\u201c\u0130ki \u00fclke, tek vizyon: Yat\u0131r\u0131m ve kalk\u0131nmada birlikteyiz\u201d anlay\u0131\u015f\u0131yla hareket eden TUSKIM, b\u00f6lgenin yeniden in\u015fas\u0131nda g\u00fcvenilir ve s\u00fcrd\u00fcr\u00fclebilir \u00e7\u00f6z\u00fcmler \u00fcretmeyi misyon edinmi\u015ftir.<\/div><div>\u00a0<\/div><div>Faaliyet alanlar\u0131m\u0131z aras\u0131nda;<\/div><div>\u2022Yat\u0131r\u0131m Dan\u0131\u015fmanl\u0131\u011f\u0131: T\u00fcrk, Suriyeli ve uluslararas\u0131 yat\u0131r\u0131mc\u0131lar\u0131 do\u011fru projelerle bulu\u015fturmak.<\/div><div>\u2022\u0130mar ve Altyap\u0131 Projeleri: \u015eehirle\u015fme, konut ve sanayi b\u00f6lgeleri geli\u015ftirme \u00e7al\u0131\u015fmalar\u0131 y\u00fcr\u00fctmek.<\/div><div>\u2022Sanayi B\u00f6lgeleri ve \u00dcretim: Organize sanayi planlamas\u0131, \u00fcretim yat\u0131r\u0131mlar\u0131 ve sekt\u00f6rel kalk\u0131nma projeleri geli\u015ftirmek.<\/div><div>\u2022Uluslararas\u0131 \u0130\u015f Birlikleri: T\u00fcrkiye, Suriye ve global yat\u0131r\u0131mc\u0131lar aras\u0131nda s\u00fcrd\u00fcr\u00fclebilir ortakl\u0131klar kurmak.<\/div><div>\u00a0<\/div><div>TUSKIM, kurumsal kimli\u011fiyle g\u00fcven, yenilik, y\u00fcksek ahlak ve s\u00fcrd\u00fcr\u00fclebilirlik ilkelerini benimsemekte; modern teknoloji ve profesyonel dan\u0131\u015fmanl\u0131k anlay\u0131\u015f\u0131yla projelerini hayata ge\u00e7irmektedir.<\/div><div>\u00a0<\/div><div>Vizyonumuz; T\u00fcrkiye ve Suriye\u2019nin ortak kalk\u0131nmas\u0131nda \u00f6nc\u00fc bir rol \u00fcstlenerek, b\u00f6lgeye de\u011fer katan projelere imza atmakt\u0131r.<\/div><div>\u00a0<\/div><div>\u2e3b<\/div><div>\u00a0<\/div><div>English \u2013 About Us<\/div><div>\u00a0<\/div><div>TUSKIM Inc. (Turkey-Syria Development, Reconstruction and Consultancy Joint Stock Company) is an investment, consultancy, and development firm dedicated to building a bridge between Turkey and Syria.<\/div><div>\u00a0<\/div><div>Guided by the principle \u201cTwo Nations, One Vision: United in Development and Investment,\u201d TUSKIM is committed to delivering reliable and sustainable solutions for the region\u2019s reconstruction.<\/div><div>\u00a0<\/div><div>Our fields of activity include:<\/div><div>\u2022Investment Advisory: Connecting Turkish, Syrian, and international investors with the right projects.<\/div><div>\u2022Urban Development &amp; Infrastructure: Leading projects in urbanization, housing, and industrial zone development.<\/div><div>\u2022Industrial Zones &amp; Production: Planning organized industrial zones, supporting production investments, and developing sectoral growth projects.<\/div><div>\u2022International Cooperation: Establishing sustainable partnerships between Turkey, Syria, and global investors.<\/div><div>\u00a0<\/div><div>With a strong corporate identity, TUSKIM embraces the values of trust, innovation, integrity, and sustainability. Our vision is to lead in the joint development of Turkey and Syria, delivering projects that create lasting value for the region.<\/div><div>\u00a0<\/div><div>\u2e3b<\/div><div>\u00a0<\/div><div>\u0627\u0644\u0639\u0631\u0628\u064a\u0629 \u2013 \u0645\u0646 \u0646\u062d\u0646<\/div><div>\u00a0<\/div><div>\u0634\u0631\u0643\u0629 \u062a\u0648\u0633\u06a9\u064a\u0645 \u0627\u0644\u0645\u0633\u0627\u0647\u0645\u0629 (\u062a\u0631\u0643\u064a\u0627 \u2013 \u0633\u0648\u0631\u064a\u0627 \u0644\u0644\u062a\u0646\u0645\u064a\u0629 \u0648\u0627\u0644\u0625\u0639\u0645\u0627\u0631 \u0648\u0627\u0644\u0627\u0633\u062a\u0634\u0627\u0631\u0627\u062a) \u0647\u064a \u0634\u0631\u0643\u0629 \u0627\u0633\u062a\u062b\u0645\u0627\u0631\u064a\u0629 \u0648\u0627\u0633\u062a\u0634\u0627\u0631\u064a\u0629 \u0648\u062a\u0646\u0645\u0648\u064a\u0629 \u062a\u0647\u062f\u0641 \u0625\u0644\u0649 \u0628\u0646\u0627\u0621 \u062c\u0633\u0631 \u0628\u064a\u0646 \u062a\u0631\u0643\u064a\u0627 \u0648\u0633\u0648\u0631\u064a\u0627.<\/div><div>\u00a0<\/div><div>\u062a\u0646\u0637\u0644\u0642 \u062a\u0648\u0633\u06a9\u064a\u0645 \u0645\u0646 \u0634\u0639\u0627\u0631 \u201c\u062f\u0648\u0644\u062a\u0627\u0646\u060c \u0631\u0624\u064a\u0629 \u0648\u0627\u062d\u062f\u0629: \u0645\u0639\u064b\u0627 \u0645\u0646 \u0623\u062c\u0644 \u0627\u0644\u0627\u0633\u062a\u062b\u0645\u0627\u0631 \u0648\u0627\u0644\u062a\u0646\u0645\u064a\u0629\u201d\u060c \u0648\u062a\u0644\u062a\u0632\u0645 \u0628\u062a\u0642\u062f\u064a\u0645 \u062d\u0644\u0648\u0644 \u0645\u0648\u062b\u0648\u0642\u0629 \u0648\u0645\u0633\u062a\u062f\u0627\u0645\u0629 \u0644\u0625\u0639\u0627\u062f\u0629 \u0625\u0639\u0645\u0627\u0631 \u0627\u0644\u0645\u0646\u0637\u0642\u0629.<\/div><div>\u00a0<\/div><div>\u062a\u0634\u0645\u0644 \u0645\u062c\u0627\u0644\u0627\u062a \u0639\u0645\u0644\u0646\u0627:<\/div><div>\u2022\u0627\u0644\u0627\u0633\u062a\u0634\u0627\u0631\u0627\u062a \u0627\u0644\u0627\u0633\u062a\u062b\u0645\u0627\u0631\u064a\u0629: \u0631\u0628\u0637 \u0627\u0644\u0645\u0633\u062a\u062b\u0645\u0631\u064a\u0646 \u0627\u0644\u0623\u062a\u0631\u0627\u0643 \u0648\u0627\u0644\u0633\u0648\u0631\u064a\u064a\u0646 \u0648\u0627\u0644\u062f\u0648\u0644\u064a\u064a\u0646 \u0628\u0627\u0644\u0645\u0634\u0627\u0631\u064a\u0639 \u0627\u0644\u0645\u0646\u0627\u0633\u0628\u0629.<\/div><div>\u2022\u0645\u0634\u0627\u0631\u064a\u0639 \u0627\u0644\u0625\u0639\u0645\u0627\u0631 \u0648\u0627\u0644\u0628\u0646\u064a\u0629 \u0627\u0644\u062a\u062d\u062a\u064a\u0629: \u062a\u0646\u0641\u064a\u0630 \u0645\u0634\u0627\u0631\u064a\u0639 \u0641\u064a \u0645\u062c\u0627\u0644\u0627\u062a \u0627\u0644\u0639\u0645\u0631\u0627\u0646 \u0648\u0627\u0644\u0625\u0633\u0643\u0627\u0646 \u0648\u062a\u0637\u0648\u064a\u0631 \u0627\u0644\u0645\u0646\u0627\u0637\u0642 \u0627\u0644\u0635\u0646\u0627\u0639\u064a\u0629.<\/div><div>\u2022\u0627\u0644\u0645\u0646\u0627\u0637\u0642 \u0627\u0644\u0635\u0646\u0627\u0639\u064a\u0629 \u0648\u0627\u0644\u0625\u0646\u062a\u0627\u062c: \u062a\u062e\u0637\u064a\u0637 \u0627\u0644\u0645\u062f\u0646 \u0627\u0644\u0635\u0646\u0627\u0639\u064a\u0629\u060c \u062f\u0639\u0645 \u0627\u0644\u0627\u0633\u062a\u062b\u0645\u0627\u0631\u0627\u062a \u0627\u0644\u0625\u0646\u062a\u0627\u062c\u064a\u0629\u060c \u0648\u062a\u0637\u0648\u064a\u0631 \u0645\u0634\u0627\u0631\u064a\u0639 \u0627\u0644\u0646\u0645\u0648 \u0627\u0644\u0642\u0637\u0627\u0639\u064a.<\/div><div>\u2022\u0627\u0644\u062a\u0639\u0627\u0648\u0646 \u0627\u0644\u062f\u0648\u0644\u064a: \u0628\u0646\u0627\u0621 \u0634\u0631\u0627\u0643\u0627\u062a \u0645\u0633\u062a\u062f\u0627\u0645\u0629 \u0628\u064a\u0646 \u062a\u0631\u0643\u064a\u0627 \u0648\u0633\u0648\u0631\u064a\u0627 \u0648\u0627\u0644\u0645\u0633\u062a\u062b\u0645\u0631\u064a\u0646 \u0627\u0644\u0639\u0627\u0644\u0645\u064a\u064a\u0646.<\/div><div>\u00a0<\/div><div>\u062a\u062a\u0628\u0646\u0649 \u062a\u0648\u0633\u06a9\u064a\u0645 \u0647\u0648\u064a\u0629 \u0645\u0624\u0633\u0633\u064a\u0629 \u062a\u0631\u062a\u0643\u0632 \u0639\u0644\u0649 \u0627\u0644\u062b\u0642\u0629 \u0648\u0627\u0644\u0627\u0628\u062a\u0643\u0627\u0631 \u0648\u0627\u0644\u0646\u0632\u0627\u0647\u0629 \u0648\u0627\u0644\u0627\u0633\u062a\u062f\u0627\u0645\u0629\u060c \u0648\u062a\u0633\u0639\u0649 \u0628\u0631\u0624\u064a\u062a\u0647\u0627 \u0625\u0644\u0649 \u0623\u0646 \u062a\u0643\u0648\u0646 \u0631\u0627\u0626\u062f\u0629 \u0641\u064a \u0627\u0644\u062a\u0646\u0645\u064a\u0629 \u0627\u0644\u0645\u0634\u062a\u0631\u0643\u0629 \u0628\u064a\u0646 \u062a\u0631\u0643\u064a\u0627 \u0648\u0633\u0648\u0631\u064a\u0627\u060c \u0645\u0646 \u062e\u0644\u0627\u0644 \u0645\u0634\u0627\u0631\u064a\u0639 \u062a\u0636\u064a\u0641 \u0642\u064a\u0645\u0629 \u062d\u0642\u064a\u0642\u064a\u0629 \u0648\u062f\u0627\u0626\u0645\u0629 \u0644\u0644\u0645\u0646\u0637\u0642\u0629.<\/div>\t\t\t\t\t\t\t\t<\/div>\n\t\t\t\t<\/div>\n\t\t\t\t<\/div>\n\t\t","protected":false},"excerpt":{"rendered":"<p>T\u00fcrk\u00e7e \u2013 Hakk\u0131m\u0131zda\u00a0TUSKIM A.\u015e. (T\u00fcrkiye-Suriye Kalk\u0131nma, \u0130mar ve M\u00fc\u015favirlik Anonim \u015eirketi), T\u00fcrkiye ile Suriye aras\u0131nda k\u00f6pr\u00fc kurmay\u0131 hedefleyen bir yat\u0131r\u0131m, dan\u0131\u015fmanl\u0131k ve kalk\u0131nma \u015firketidir.\u00a0\u201c\u0130ki \u00fclke, tek vizyon: Yat\u0131r\u0131m ve kalk\u0131nmada birlikteyiz\u201d anlay\u0131\u015f\u0131yla hareket eden TUSKIM, b\u00f6lgenin yeniden in\u015fas\u0131nda g\u00fcvenilir ve s\u00fcrd\u00fcr\u00fclebilir \u00e7\u00f6z\u00fcmler \u00fcretmeyi misyon edinmi\u015ftir.\u00a0Faaliyet alanlar\u0131m\u0131z aras\u0131nda;\u2022Yat\u0131r\u0131m Dan\u0131\u015fmanl\u0131\u011f\u0131: T\u00fcrk, Suriyeli ve uluslararas\u0131 yat\u0131r\u0131mc\u0131lar\u0131 do\u011fru projelerle [&hellip;]<\/p>\n","protected":false},"author":1,"featured_media":0,"parent":0,"menu_order":0,"comment_status":"closed","ping_status":"closed","template":"","meta":{"footnotes":""},"class_list":["post-185","page","type-page","status-publish","hentry"],"_links":{"self":[{"href":"https:\/\/tuskim.org\/index.php?rest_route=\/wp\/v2\/pages\/185","targetHints":{"allow":["GET"]}}],"collection":[{"href":"https:\/\/tuskim.org\/index.php?rest_route=\/wp\/v2\/pages"}],"about":[{"href":"https:\/\/tuskim.org\/index.php?rest_route=\/wp\/v2\/types\/page"}],"author":[{"embeddable":true,"href":"https:\/\/tuskim.org\/index.php?rest_route=\/wp\/v2\/users\/1"}],"replies":[{"embeddable":true,"href":"https:\/\/tuskim.org\/index.php?rest_route=%2Fwp%2Fv2%2Fcomments&post=185"}],"version-history":[{"count":5,"href":"https:\/\/tuskim.org\/index.php?rest_route=\/wp\/v2\/pages\/185\/revisions"}],"predecessor-version":[{"id":195,"href":"https:\/\/tuskim.org\/index.php?rest_route=\/wp\/v2\/pages\/185\/revisions\/195"}],"wp:attachment":[{"href":"https:\/\/tuskim.org\/index.php?rest_route=%2Fwp%2Fv2%2Fmedia&parent=185"}],"curies":[{"name":"wp","href":"https:\/\/api.w.org\/{rel}","templated":true}]}}